{"id":165,"date":"2013-09-19T17:20:40","date_gmt":"2013-09-19T16:20:40","guid":{"rendered":"http:\/\/www.dessins-monique-brochet.net\/peinture\/?page_id=165"},"modified":"2014-02-01T18:39:15","modified_gmt":"2014-02-01T17:39:15","slug":"credits-mentions-legales","status":"publish","type":"page","link":"http:\/\/christiane-ravel.net\/new\/credits-mentions-legales\/","title":{"rendered":"Cr\u00e9dits &#038; mentions l\u00e9gales"},"content":{"rendered":"<p><strong>Conception &amp; R\u00e9alisation :<br \/>\n<\/strong><em><a href=\"http:\/\/cybernetique.info\" target=\"_blank\">cybernetique.info<\/a>\u00a0\/\u00a0<a href=\"http:\/\/mikadomultimedia.com\" target=\"_blank\">Mikado Multimedia<\/a>\u00a0\/\u00a0\u00a0<a href=\"http:\/\/wlcl.net\" target=\"_blank\">Christophe Sonntag<\/a>\u00a0\/\u00a0 Vincent Germain<\/em><\/p>\n<p><strong>H\u00e9bergement :<\/strong> <a href=\"http:\/\/www.ovh.fr\/\" target=\"_blank\">OVH<\/a><br \/>\n<strong>Generator :<\/strong> <a href=\"http:\/\/wordpress.org\" target=\"_blank\">WordPress<\/a><\/p>\n<p>Les photos des oeuvres sont la propri\u00e9t\u00e9 exclusive de Christiane Ravel. Le site et son contenu sont prot\u00e9g\u00e9s par les droits d&rsquo;auteur. La copie ou la diffusion publique du contenu de ce site n&rsquo;est pas autoris\u00e9e. Les informations techniques qui se trouvent sur ce site n&rsquo;ont qu&rsquo;une valeur informative et sont susceptibles d&rsquo;\u00e9voluer en fonction des modifications l\u00e9gislatives et r\u00e9glementaires.<\/p>\n<p>Les droits de l&rsquo;auteur de ce site sont r\u00e9serv\u00e9s pour toute forme d&rsquo;utilisation. En particulier, la reproduction des \u00e9l\u00e9ments graphiques du site, le t\u00e9l\u00e9chargement complet du site pour son enregistrement sur un support de diffusion, ainsi que toute utilisation des visuels et textes qu&rsquo;il contient autre que la consultation individuelle et priv\u00e9e sont interdits sans autorisation.<\/p>\n","protected":false},"excerpt":{"rendered":"<p>Conception &amp; R\u00e9alisation : cybernetique.info\u00a0\/\u00a0Mikado Multimedia\u00a0\/\u00a0\u00a0Christophe Sonntag\u00a0\/\u00a0 Vincent Germain H\u00e9bergement : OVH Generator : WordPress Les photos des oeuvres sont la propri\u00e9t\u00e9 exclusive de Christiane Ravel. Le site et son contenu sont prot\u00e9g\u00e9s par les droits d&rsquo;auteur. La copie ou la diffusion publique du contenu de ce site n&rsquo;est pas autoris\u00e9e. Les informations techniques qui &hellip; <a href=\"http:\/\/christiane-ravel.net\/new\/credits-mentions-legales\/\" class=\"more-link\">Continuer la lecture de <span class=\"screen-reader-text\">Cr\u00e9dits &#038; mentions l\u00e9gales<\/span> <span class=\"meta-nav\">&rarr;<\/span><\/a><\/p>\n","protected":false},"author":1,"featured_media":0,"parent":0,"menu_order":0,"comment_status":"closed","ping_status":"closed","template":"","meta":{"footnotes":""},"class_list":["post-165","page","type-page","status-publish","hentry"],"_links":{"self":[{"href":"http:\/\/christiane-ravel.net\/new\/wp-json\/wp\/v2\/pages\/165","targetHints":{"allow":["GET"]}}],"collection":[{"href":"http:\/\/christiane-ravel.net\/new\/wp-json\/wp\/v2\/pages"}],"about":[{"href":"http:\/\/christiane-ravel.net\/new\/wp-json\/wp\/v2\/types\/page"}],"author":[{"embeddable":true,"href":"http:\/\/christiane-ravel.net\/new\/wp-json\/wp\/v2\/users\/1"}],"replies":[{"embeddable":true,"href":"http:\/\/christiane-ravel.net\/new\/wp-json\/wp\/v2\/comments?post=165"}],"version-history":[{"count":11,"href":"http:\/\/christiane-ravel.net\/new\/wp-json\/wp\/v2\/pages\/165\/revisions"}],"predecessor-version":[{"id":778,"href":"http:\/\/christiane-ravel.net\/new\/wp-json\/wp\/v2\/pages\/165\/revisions\/778"}],"wp:attachment":[{"href":"http:\/\/christiane-ravel.net\/new\/wp-json\/wp\/v2\/media?parent=165"}],"curies":[{"name":"wp","href":"https:\/\/api.w.org\/{rel}","templated":true}]}}